{"id":2513,"date":"2016-09-29T05:38:23","date_gmt":"2016-09-29T04:38:23","guid":{"rendered":"https:\/\/relations-publics.org\/?page_id=2513&#038;lang=en"},"modified":"2016-11-23T12:33:06","modified_gmt":"2016-11-23T11:33:06","slug":"history-organisation-and-by-laws","status":"publish","type":"page","link":"https:\/\/www.relations-publics.org\/en\/basics\/history-organisation-and-by-laws\/","title":{"rendered":"History, organisation and by-laws"},"content":{"rendered":"<h2>History and organisation<\/h2>\n<p>Founded in 1988, Syntec Conseil en Relation Publics represents the public relations consulting profession in\u00a0<a href=\"http:\/\/www.syntec.fr\/\">F\u00e9d\u00e9ration SYNTEC<\/a>, an industry federation representing 910,000 employees in 80,000 companies specialised in engineering, IT, surveys, studies, consulting and professional training.<\/p>\n<div style=\"text-align: center;\"><img decoding=\"async\" style=\"height: 300px; width: 400px;\" src=\"https:\/\/relations-publics.org\/wp-content\/themes\/syntec-rp\/old\/static\/images\/0_1 SCRP_Organigramme simplifi\u00e9 Syntec E&amp;C-f\u00e9d\u00e9-Medef 2015.jpg\" alt=\"\" \/><\/div>\n<p>Syntec Conseil en Relations Publics represents more than 50 of the major public relations consultancies in France, or approximately 1,400 employees and 65% of the market. All our members share the same vision and are bound by the same Professional Code of Ethics in their daily practice.<\/p>\n<blockquote><p>The association exists to raise standards in the profession, facilitate its members to share best practice, discuss the challenges they face, improve recognition of their specific skills and enhance the profile of public relations as a whole.<\/p><\/blockquote>\n<p>Syntec Conseil en Relations Publics is therefore the ideal forum for members who share a desire to improve the quality of public relations. Although they may be competitors in their everyday working life, the association\u2019s members work together and share their knowledge in a spirit of cooperation and common purpose.<\/p>\n<h2>Our missions<\/h2>\n<div>\n<p><strong>1.\u00a0<\/strong><strong>PROMOTE<\/strong> public relations and member agencies in France and abroad<\/p>\n<p><strong>2. DEFEND <\/strong>the interests of the profession and our members<\/p>\n<p><strong>3. CONTRIBUTE <\/strong>to the development of the profession: training, the professional code of ethics, quality, etc.<\/p>\n<p><strong>4.\u00a0<\/strong><strong>REPRESENT<\/strong> the public relations industry with public authorities, institutions that represent clients and international professional organisations.<\/p>\n<p><strong>5.\u00a0<\/strong><strong>PROMOTE<\/strong> relations with client sectors by instigating debate on key issues, such as health and purchasing policies.<\/p>\n<\/div>\n<h2>By-laws<\/h2>\n<p>Syntec Conseil en Relation Publics is a professional association governed by the provisions of Title III of Book I of the French Labour Code (<em>Code du travail)<\/em>.<\/p>\n<p>The association\u2019s by-laws were adopted during the founding general meeting on 8 March 1998, and subsequently amended during the extraordinary general meetings of 13 January 1999, 22 February 2001, 1 April 2009 and 7 June 2011. The most recent amendment to the by-laws changed the name of the association from Syntec Conseil en Relations Publiques to Syntec Conseil en Relations Publics.<\/p>\n<div style=\"border: 1px solid purple;\">\n<div style=\"padding-top: 3px;\">\n<p style=\"text-align: center;\"><strong>T\u00e9l\u00e9charger les statuts en <a href=\"https:\/\/relations-publics.org\/wp-content\/themes\/syntec-rp\/old\/static\/files\/20110914160043_STATUTS_DE_SYNTEC_RP_2011.pdf\">cliquant ici\u00a0<\/a><\/strong><\/p>\n<\/div>\n<\/div>\n","protected":false},"excerpt":{"rendered":"<p>History and organisation Founded in 1988, Syntec Conseil en Relation Publics represents the public relations consulting profession in\u00a0F\u00e9d\u00e9ration SYNTEC, an industry federation representing 910,000 employees in 80,000 companies specialised in engineering, IT, surveys, studies, consulting and professional training. Syntec Conseil en Relations Publics represents more than 50 of the major public relations consultancies in France, [&hellip;]<\/p>\n","protected":false},"author":235,"featured_media":0,"parent":2511,"menu_order":2,"comment_status":"closed","ping_status":"closed","template":"","meta":[],"acf":[],"_links":{"self":[{"href":"https:\/\/www.relations-publics.org\/en\/wp-json\/wp\/v2\/pages\/2513"}],"collection":[{"href":"https:\/\/www.relations-publics.org\/en\/wp-json\/wp\/v2\/pages"}],"about":[{"href":"https:\/\/www.relations-publics.org\/en\/wp-json\/wp\/v2\/types\/page"}],"author":[{"embeddable":true,"href":"https:\/\/www.relations-publics.org\/en\/wp-json\/wp\/v2\/users\/235"}],"replies":[{"embeddable":true,"href":"https:\/\/www.relations-publics.org\/en\/wp-json\/wp\/v2\/comments?post=2513"}],"version-history":[{"count":3,"href":"https:\/\/www.relations-publics.org\/en\/wp-json\/wp\/v2\/pages\/2513\/revisions"}],"predecessor-version":[{"id":2735,"href":"https:\/\/www.relations-publics.org\/en\/wp-json\/wp\/v2\/pages\/2513\/revisions\/2735"}],"up":[{"embeddable":true,"href":"https:\/\/www.relations-publics.org\/en\/wp-json\/wp\/v2\/pages\/2511"}],"wp:attachment":[{"href":"https:\/\/www.relations-publics.org\/en\/wp-json\/wp\/v2\/media?parent=2513"}],"curies":[{"name":"wp","href":"https:\/\/api.w.org\/{rel}","templated":true}]}}